{"id":2,"date":"2010-04-03T22:39:09","date_gmt":"2010-04-03T13:39:09","guid":{"rendered":"http:\/?page_id=2"},"modified":"2015-04-22T08:38:44","modified_gmt":"2015-04-21T23:38:44","slug":"sobre-sirio-b","status":"publish","type":"page","link":"http:\/\/www.sirio-b.com\/main\/sobre-sirio-b\/","title":{"rendered":"Sobre Sirio-B"},"content":{"rendered":"<p><strong>[Sirio-B]&gt;\u00a0<a href=\"http:\/\/www.sirio-b.com\/\">www.sirio-b.com<\/a> &lt;v4.0\/070702\/a220311<\/strong><\/p>\n<p>Sirio-B es una p\u00e1gina sobre arcades y recreativos donde a veces tambi\u00e9n hablamos de juegos no tan arcades. Jugamos para divertirnos, por lo que cuanto m\u00e1s nos divierte un juego mejor nos parece. Nos gusta hablar en serio de nuestro hobby, por lo que siempre profundizamos e intentamos valorar lo que es importante para nuestro objetivo (divertirnos) en su justa medida. El apartado art\u00edstico nos importa un carajo cuando hay que hablar en serio, pero en el fondo nos gusta como a cualquiera. Aunque respetamos y valoramos los antiguos arcades, \u00e9sta es una p\u00e1gina centrada en los arcades modernos y las nuevas tendencias: el concepto de evoluci\u00f3n jugable es lo que nos motiva a seguir probando cosas, y es lo que nos hace estar al d\u00eda de este mundillo.<\/p>\n<p>Si cre\u00e9is que nos falta algo, no dud\u00e9is en aportarlo. Nosotros no somos profesionales y nos queda mucho por aprender. Seguro que nos divertiremos mucho haci\u00e9ndolo.<br \/>\n<strong><\/strong><br \/>\n<strong>Staff y colaboradores<\/strong><\/p>\n<p>&#8211; Chocobilly<br \/>\n&#8211; Falkenmaier<br \/>\n&#8211; Nargond<br \/>\n&#8211; MR.iiS<br \/>\n&#8211; MasterJJ<br \/>\n&#8211; Outrunner<br \/>\n&#8211; Silvano<br \/>\n&#8211; Uthiel<\/p>\n<p><strong>Descargo de responsabilidad<\/strong><\/p>\n<p>Web y contenidos 2002-2011 \u00a9\u00a0<a href=\"http:\/\/www.sirio-b.com\/\">Sirio-B.com<\/a><\/p>\n<p>Logo por Miguel \u00c1ngel Iranzo.<\/p>\n<p>Todo lo dem\u00e1s es propiedad de sus respectivos autores.<\/p>\n","protected":false},"excerpt":{"rendered":"<p>[Sirio-B]&gt;\u00a0www.sirio-b.com &lt;v4.0\/070702\/a220311 Sirio-B es una p\u00e1gina sobre arcades y recreativos donde a veces tambi\u00e9n hablamos de juegos no tan arcades. Jugamos para divertirnos, por lo que cuanto m\u00e1s nos divierte un juego mejor nos parece. Nos gusta hablar en serio de nuestro hobby, por lo que siempre profundizamos e intentamos valorar lo que es importante &hellip; <a href=\"http:\/\/www.sirio-b.com\/main\/sobre-sirio-b\/\" class=\"more-link\">Continue reading <span class=\"screen-reader-text\">Sobre Sirio-B<\/span> <span class=\"meta-nav\">&rarr;<\/span><\/a><\/p>\n","protected":false},"author":1,"featured_media":0,"parent":0,"menu_order":0,"comment_status":"open","ping_status":"closed","template":"","meta":{"footnotes":""},"class_list":["post-2","page","type-page","status-publish","hentry"],"_links":{"self":[{"href":"http:\/\/www.sirio-b.com\/main\/wp-json\/wp\/v2\/pages\/2","targetHints":{"allow":["GET"]}}],"collection":[{"href":"http:\/\/www.sirio-b.com\/main\/wp-json\/wp\/v2\/pages"}],"about":[{"href":"http:\/\/www.sirio-b.com\/main\/wp-json\/wp\/v2\/types\/page"}],"author":[{"embeddable":true,"href":"http:\/\/www.sirio-b.com\/main\/wp-json\/wp\/v2\/users\/1"}],"replies":[{"embeddable":true,"href":"http:\/\/www.sirio-b.com\/main\/wp-json\/wp\/v2\/comments?post=2"}],"version-history":[{"count":7,"href":"http:\/\/www.sirio-b.com\/main\/wp-json\/wp\/v2\/pages\/2\/revisions"}],"predecessor-version":[{"id":155,"href":"http:\/\/www.sirio-b.com\/main\/wp-json\/wp\/v2\/pages\/2\/revisions\/155"}],"wp:attachment":[{"href":"http:\/\/www.sirio-b.com\/main\/wp-json\/wp\/v2\/media?parent=2"}],"curies":[{"name":"wp","href":"https:\/\/api.w.org\/{rel}","templated":true}]}}